{"id":605,"date":"2026-02-02T19:52:30","date_gmt":"2026-02-02T19:52:30","guid":{"rendered":"https:\/\/kahanozelguvenlik.com\/?page_id=605"},"modified":"2026-02-02T19:59:56","modified_gmt":"2026-02-02T19:59:56","slug":"hakkimizda","status":"publish","type":"page","link":"https:\/\/kahanozelguvenlik.com\/?page_id=605","title":{"rendered":"Hakk\u0131m\u0131zda"},"content":{"rendered":"\t\t<div data-elementor-type=\"wp-page\" data-elementor-id=\"605\" class=\"elementor elementor-605\">\n\t\t\t\t<div class=\"elementor-element elementor-element-2e10fbe e-flex e-con-boxed e-con e-parent\" data-id=\"2e10fbe\" data-element_type=\"container\" data-e-type=\"container\">\n\t\t\t\t\t<div class=\"e-con-inner\">\n\t\t\t\t<div class=\"elementor-element elementor-element-54c7de7 elementor-widget elementor-widget-text-editor\" data-id=\"54c7de7\" data-element_type=\"widget\" data-e-type=\"widget\" data-widget_type=\"text-editor.default\">\n\t\t\t\t\t\t\t\t\t<p><img decoding=\"async\" class=\" wp-image-561 alignleft\" src=\"https:\/\/kahanozelguvenlik.com\/wp-content\/uploads\/2026\/02\/Kahan-Logo-269x300.png\" alt=\"\" width=\"162\" height=\"181\" srcset=\"https:\/\/kahanozelguvenlik.com\/wp-content\/uploads\/2026\/02\/Kahan-Logo-269x300.png 269w, https:\/\/kahanozelguvenlik.com\/wp-content\/uploads\/2026\/02\/Kahan-Logo.png 558w\" sizes=\"(max-width: 162px) 100vw, 162px\" \/>Bu bir \u00f6rnek yaz\u0131d\u0131r bu alana hakk\u0131m\u0131zda yaz\u0131s\u0131 eklenecektir. Hakk\u0131m\u0131zda yaz\u0131s\u0131 tamamland\u0131r\u011f\u0131nda bu alandan okuyabilirsiniz. Firmam\u0131zla ilgili hakk\u0131m\u0131zda yaz\u0131s\u0131n\u0131 g\u00f6rmek i\u00e7in bu alan\u0131 takipte kal\u0131n l\u00fctfen. Bu bir \u00f6rnek yaz\u0131d\u0131r bu alana hakk\u0131m\u0131zda yaz\u0131s\u0131 eklenecektir. Hakk\u0131m\u0131zda yaz\u0131s\u0131 tamamland\u0131r\u011f\u0131nda bu alandan okuyabilirsiniz. Firmam\u0131zla ilgili hakk\u0131m\u0131zda yaz\u0131s\u0131n\u0131 g\u00f6rmek i\u00e7in bu alan\u0131 takipte kal\u0131n l\u00fctfen.<\/p><p>Bu bir \u00f6rnek yaz\u0131d\u0131r bu alana hakk\u0131m\u0131zda yaz\u0131s\u0131 eklenecektir. Hakk\u0131m\u0131zda yaz\u0131s\u0131 tamamland\u0131r\u011f\u0131nda bu alandan okuyabilirsiniz. Firmam\u0131zla ilgili hakk\u0131m\u0131zda yaz\u0131s\u0131n\u0131 g\u00f6rmek i\u00e7in bu alan\u0131 takipte kal\u0131n l\u00fctfen.Bu bir \u00f6rnek yaz\u0131d\u0131r bu alana hakk\u0131m\u0131zda yaz\u0131s\u0131 eklenecektir. Hakk\u0131m\u0131zda yaz\u0131s\u0131 tamamland\u0131r\u011f\u0131nda bu alandan okuyabilirsiniz. Firmam\u0131zla ilgili hakk\u0131m\u0131zda yaz\u0131s\u0131n\u0131 g\u00f6rmek i\u00e7in bu alan\u0131 takipte kal\u0131n l\u00fctfen.Bu bir \u00f6rnek yaz\u0131d\u0131r bu alana hakk\u0131m\u0131zda yaz\u0131s\u0131 eklenecektir. Hakk\u0131m\u0131zda yaz\u0131s\u0131 tamamland\u0131r\u011f\u0131nda bu alandan okuyabilirsiniz. Firmam\u0131zla ilgili hakk\u0131m\u0131zda yaz\u0131s\u0131n\u0131 g\u00f6rmek i\u00e7in bu alan\u0131 takipte kal\u0131n l\u00fctfen.Bu bir \u00f6rnek yaz\u0131d\u0131r bu alana hakk\u0131m\u0131zda yaz\u0131s\u0131 eklenecektir. Hakk\u0131m\u0131zda yaz\u0131s\u0131 tamamland\u0131r\u011f\u0131nda bu alandan okuyabilirsiniz. Firmam\u0131zla ilgili hakk\u0131m\u0131zda yaz\u0131s\u0131n\u0131 g\u00f6rmek i\u00e7in bu alan\u0131 takipte kal\u0131n l\u00fctfen.Bu bir \u00f6rnek yaz\u0131d\u0131r bu alana hakk\u0131m\u0131zda yaz\u0131s\u0131 eklenecektir. Hakk\u0131m\u0131zda yaz\u0131s\u0131 tamamland\u0131r\u011f\u0131nda bu alandan okuyabilirsiniz. Firmam\u0131zla ilgili hakk\u0131m\u0131zda yaz\u0131s\u0131n\u0131 g\u00f6rmek i\u00e7in bu alan\u0131 takipte kal\u0131n l\u00fctfen.<\/p>\t\t\t\t\t\t\t\t<\/div>\n\t\t\t\t\t<\/div>\n\t\t\t\t<\/div>\n\t\t\t\t<\/div>\n\t\t","protected":false},"excerpt":{"rendered":"<p>Bu bir \u00f6rnek yaz\u0131d\u0131r bu alana hakk\u0131m\u0131zda yaz\u0131s\u0131 eklenecektir. Hakk\u0131m\u0131zda yaz\u0131s\u0131 tamamland\u0131r\u011f\u0131nda bu alandan okuyabilirsiniz. Firmam\u0131zla ilgili hakk\u0131m\u0131zda yaz\u0131s\u0131n\u0131 g\u00f6rmek i\u00e7in bu alan\u0131 takipte kal\u0131n&hellip;<\/p>\n","protected":false},"author":1,"featured_media":0,"parent":0,"menu_order":0,"comment_status":"closed","ping_status":"closed","template":"","meta":{"footnotes":""},"class_list":["post-605","page","type-page","status-publish","hentry"],"yoast_head":"<!-- This site is optimized with the Yoast SEO plugin v26.8 - https:\/\/yoast.com\/product\/yoast-seo-wordpress\/ -->\n<title>Hakk\u0131m\u0131zda - Bursa Kahan \u00d6zel G\u00fcvenlik<\/title>\n<meta name=\"robots\" content=\"index, follow, max-snippet:-1, max-image-preview:large, max-video-preview:-1\" \/>\n<link rel=\"canonical\" href=\"https:\/\/kahanozelguvenlik.com\/?page_id=605\" \/>\n<meta property=\"og:locale\" content=\"tr_TR\" \/>\n<meta property=\"og:type\" content=\"article\" \/>\n<meta property=\"og:title\" content=\"Hakk\u0131m\u0131zda - Bursa Kahan \u00d6zel G\u00fcvenlik\" \/>\n<meta property=\"og:description\" content=\"Bu bir \u00f6rnek yaz\u0131d\u0131r bu alana hakk\u0131m\u0131zda yaz\u0131s\u0131 eklenecektir. Hakk\u0131m\u0131zda yaz\u0131s\u0131 tamamland\u0131r\u011f\u0131nda bu alandan okuyabilirsiniz. Firmam\u0131zla ilgili hakk\u0131m\u0131zda yaz\u0131s\u0131n\u0131 g\u00f6rmek i\u00e7in bu alan\u0131 takipte kal\u0131n&hellip;\" \/>\n<meta property=\"og:url\" content=\"https:\/\/kahanozelguvenlik.com\/?page_id=605\" \/>\n<meta property=\"og:site_name\" content=\"Bursa Kahan \u00d6zel G\u00fcvenlik\" \/>\n<meta property=\"article:modified_time\" content=\"2026-02-02T19:59:56+00:00\" \/>\n<meta property=\"og:image\" content=\"https:\/\/kahanozelguvenlik.com\/wp-content\/uploads\/2026\/02\/Kahan-Logo.png\" \/>\n\t<meta property=\"og:image:width\" content=\"558\" \/>\n\t<meta property=\"og:image:height\" content=\"622\" \/>\n\t<meta property=\"og:image:type\" content=\"image\/png\" \/>\n<meta name=\"twitter:card\" content=\"summary_large_image\" \/>\n<meta name=\"twitter:label1\" content=\"Tahmini okuma s\u00fcresi\" \/>\n\t<meta name=\"twitter:data1\" content=\"2 dakika\" \/>\n<script type=\"application\/ld+json\" class=\"yoast-schema-graph\">{\"@context\":\"https:\/\/schema.org\",\"@graph\":[{\"@type\":\"WebPage\",\"@id\":\"https:\/\/kahanozelguvenlik.com\/?page_id=605\",\"url\":\"https:\/\/kahanozelguvenlik.com\/?page_id=605\",\"name\":\"Hakk\u0131m\u0131zda - Bursa Kahan \u00d6zel G\u00fcvenlik\",\"isPartOf\":{\"@id\":\"https:\/\/kahanozelguvenlik.com\/#website\"},\"primaryImageOfPage\":{\"@id\":\"https:\/\/kahanozelguvenlik.com\/?page_id=605#primaryimage\"},\"image\":{\"@id\":\"https:\/\/kahanozelguvenlik.com\/?page_id=605#primaryimage\"},\"thumbnailUrl\":\"https:\/\/kahanozelguvenlik.com\/wp-content\/uploads\/2026\/02\/Kahan-Logo-269x300.png\",\"datePublished\":\"2026-02-02T19:52:30+00:00\",\"dateModified\":\"2026-02-02T19:59:56+00:00\",\"breadcrumb\":{\"@id\":\"https:\/\/kahanozelguvenlik.com\/?page_id=605#breadcrumb\"},\"inLanguage\":\"tr\",\"potentialAction\":[{\"@type\":\"ReadAction\",\"target\":[\"https:\/\/kahanozelguvenlik.com\/?page_id=605\"]}]},{\"@type\":\"ImageObject\",\"inLanguage\":\"tr\",\"@id\":\"https:\/\/kahanozelguvenlik.com\/?page_id=605#primaryimage\",\"url\":\"https:\/\/kahanozelguvenlik.com\/wp-content\/uploads\/2026\/02\/Kahan-Logo.png\",\"contentUrl\":\"https:\/\/kahanozelguvenlik.com\/wp-content\/uploads\/2026\/02\/Kahan-Logo.png\",\"width\":558,\"height\":622},{\"@type\":\"BreadcrumbList\",\"@id\":\"https:\/\/kahanozelguvenlik.com\/?page_id=605#breadcrumb\",\"itemListElement\":[{\"@type\":\"ListItem\",\"position\":1,\"name\":\"Anasayfa\",\"item\":\"https:\/\/kahanozelguvenlik.com\/\"},{\"@type\":\"ListItem\",\"position\":2,\"name\":\"Hakk\u0131m\u0131zda\"}]},{\"@type\":\"WebSite\",\"@id\":\"https:\/\/kahanozelguvenlik.com\/#website\",\"url\":\"https:\/\/kahanozelguvenlik.com\/\",\"name\":\"Bursa Kahan \u00d6zel G\u00fcvenlik\",\"description\":\"Kahan \u00d6zel G\u00fcvenlik\",\"publisher\":{\"@id\":\"https:\/\/kahanozelguvenlik.com\/#organization\"},\"potentialAction\":[{\"@type\":\"SearchAction\",\"target\":{\"@type\":\"EntryPoint\",\"urlTemplate\":\"https:\/\/kahanozelguvenlik.com\/?s={search_term_string}\"},\"query-input\":{\"@type\":\"PropertyValueSpecification\",\"valueRequired\":true,\"valueName\":\"search_term_string\"}}],\"inLanguage\":\"tr\"},{\"@type\":\"Organization\",\"@id\":\"https:\/\/kahanozelguvenlik.com\/#organization\",\"name\":\"Bursa Kahan \u00d6zel G\u00fcvenlik\",\"url\":\"https:\/\/kahanozelguvenlik.com\/\",\"logo\":{\"@type\":\"ImageObject\",\"inLanguage\":\"tr\",\"@id\":\"https:\/\/kahanozelguvenlik.com\/#\/schema\/logo\/image\/\",\"url\":\"https:\/\/kahanozelguvenlik.com\/wp-content\/uploads\/2026\/02\/Kahan-Ozel-Guvenlik-Logo.jpg\",\"contentUrl\":\"https:\/\/kahanozelguvenlik.com\/wp-content\/uploads\/2026\/02\/Kahan-Ozel-Guvenlik-Logo.jpg\",\"width\":2074,\"height\":622,\"caption\":\"Bursa Kahan \u00d6zel G\u00fcvenlik\"},\"image\":{\"@id\":\"https:\/\/kahanozelguvenlik.com\/#\/schema\/logo\/image\/\"}}]}<\/script>\n<!-- \/ Yoast SEO plugin. -->","yoast_head_json":{"title":"Hakk\u0131m\u0131zda - Bursa Kahan \u00d6zel G\u00fcvenlik","robots":{"index":"index","follow":"follow","max-snippet":"max-snippet:-1","max-image-preview":"max-image-preview:large","max-video-preview":"max-video-preview:-1"},"canonical":"https:\/\/kahanozelguvenlik.com\/?page_id=605","og_locale":"tr_TR","og_type":"article","og_title":"Hakk\u0131m\u0131zda - Bursa Kahan \u00d6zel G\u00fcvenlik","og_description":"Bu bir \u00f6rnek yaz\u0131d\u0131r bu alana hakk\u0131m\u0131zda yaz\u0131s\u0131 eklenecektir. Hakk\u0131m\u0131zda yaz\u0131s\u0131 tamamland\u0131r\u011f\u0131nda bu alandan okuyabilirsiniz. Firmam\u0131zla ilgili hakk\u0131m\u0131zda yaz\u0131s\u0131n\u0131 g\u00f6rmek i\u00e7in bu alan\u0131 takipte kal\u0131n&hellip;","og_url":"https:\/\/kahanozelguvenlik.com\/?page_id=605","og_site_name":"Bursa Kahan \u00d6zel G\u00fcvenlik","article_modified_time":"2026-02-02T19:59:56+00:00","og_image":[{"width":558,"height":622,"url":"https:\/\/kahanozelguvenlik.com\/wp-content\/uploads\/2026\/02\/Kahan-Logo.png","type":"image\/png"}],"twitter_card":"summary_large_image","twitter_misc":{"Tahmini okuma s\u00fcresi":"2 dakika"},"schema":{"@context":"https:\/\/schema.org","@graph":[{"@type":"WebPage","@id":"https:\/\/kahanozelguvenlik.com\/?page_id=605","url":"https:\/\/kahanozelguvenlik.com\/?page_id=605","name":"Hakk\u0131m\u0131zda - Bursa Kahan \u00d6zel G\u00fcvenlik","isPartOf":{"@id":"https:\/\/kahanozelguvenlik.com\/#website"},"primaryImageOfPage":{"@id":"https:\/\/kahanozelguvenlik.com\/?page_id=605#primaryimage"},"image":{"@id":"https:\/\/kahanozelguvenlik.com\/?page_id=605#primaryimage"},"thumbnailUrl":"https:\/\/kahanozelguvenlik.com\/wp-content\/uploads\/2026\/02\/Kahan-Logo-269x300.png","datePublished":"2026-02-02T19:52:30+00:00","dateModified":"2026-02-02T19:59:56+00:00","breadcrumb":{"@id":"https:\/\/kahanozelguvenlik.com\/?page_id=605#breadcrumb"},"inLanguage":"tr","potentialAction":[{"@type":"ReadAction","target":["https:\/\/kahanozelguvenlik.com\/?page_id=605"]}]},{"@type":"ImageObject","inLanguage":"tr","@id":"https:\/\/kahanozelguvenlik.com\/?page_id=605#primaryimage","url":"https:\/\/kahanozelguvenlik.com\/wp-content\/uploads\/2026\/02\/Kahan-Logo.png","contentUrl":"https:\/\/kahanozelguvenlik.com\/wp-content\/uploads\/2026\/02\/Kahan-Logo.png","width":558,"height":622},{"@type":"BreadcrumbList","@id":"https:\/\/kahanozelguvenlik.com\/?page_id=605#breadcrumb","itemListElement":[{"@type":"ListItem","position":1,"name":"Anasayfa","item":"https:\/\/kahanozelguvenlik.com\/"},{"@type":"ListItem","position":2,"name":"Hakk\u0131m\u0131zda"}]},{"@type":"WebSite","@id":"https:\/\/kahanozelguvenlik.com\/#website","url":"https:\/\/kahanozelguvenlik.com\/","name":"Bursa Kahan \u00d6zel G\u00fcvenlik","description":"Kahan \u00d6zel G\u00fcvenlik","publisher":{"@id":"https:\/\/kahanozelguvenlik.com\/#organization"},"potentialAction":[{"@type":"SearchAction","target":{"@type":"EntryPoint","urlTemplate":"https:\/\/kahanozelguvenlik.com\/?s={search_term_string}"},"query-input":{"@type":"PropertyValueSpecification","valueRequired":true,"valueName":"search_term_string"}}],"inLanguage":"tr"},{"@type":"Organization","@id":"https:\/\/kahanozelguvenlik.com\/#organization","name":"Bursa Kahan \u00d6zel G\u00fcvenlik","url":"https:\/\/kahanozelguvenlik.com\/","logo":{"@type":"ImageObject","inLanguage":"tr","@id":"https:\/\/kahanozelguvenlik.com\/#\/schema\/logo\/image\/","url":"https:\/\/kahanozelguvenlik.com\/wp-content\/uploads\/2026\/02\/Kahan-Ozel-Guvenlik-Logo.jpg","contentUrl":"https:\/\/kahanozelguvenlik.com\/wp-content\/uploads\/2026\/02\/Kahan-Ozel-Guvenlik-Logo.jpg","width":2074,"height":622,"caption":"Bursa Kahan \u00d6zel G\u00fcvenlik"},"image":{"@id":"https:\/\/kahanozelguvenlik.com\/#\/schema\/logo\/image\/"}}]}},"rttpg_featured_image_url":null,"rttpg_author":{"display_name":"admin","author_link":"https:\/\/kahanozelguvenlik.com\/?author=1"},"rttpg_comment":0,"rttpg_category":null,"rttpg_excerpt":"Bu bir \u00f6rnek yaz\u0131d\u0131r bu alana hakk\u0131m\u0131zda yaz\u0131s\u0131 eklenecektir. Hakk\u0131m\u0131zda yaz\u0131s\u0131 tamamland\u0131r\u011f\u0131nda bu alandan okuyabilirsiniz. Firmam\u0131zla ilgili hakk\u0131m\u0131zda yaz\u0131s\u0131n\u0131 g\u00f6rmek i\u00e7in bu alan\u0131 takipte kal\u0131n&hellip;","_links":{"self":[{"href":"https:\/\/kahanozelguvenlik.com\/index.php?rest_route=\/wp\/v2\/pages\/605","targetHints":{"allow":["GET"]}}],"collection":[{"href":"https:\/\/kahanozelguvenlik.com\/index.php?rest_route=\/wp\/v2\/pages"}],"about":[{"href":"https:\/\/kahanozelguvenlik.com\/index.php?rest_route=\/wp\/v2\/types\/page"}],"author":[{"embeddable":true,"href":"https:\/\/kahanozelguvenlik.com\/index.php?rest_route=\/wp\/v2\/users\/1"}],"replies":[{"embeddable":true,"href":"https:\/\/kahanozelguvenlik.com\/index.php?rest_route=%2Fwp%2Fv2%2Fcomments&post=605"}],"version-history":[{"count":4,"href":"https:\/\/kahanozelguvenlik.com\/index.php?rest_route=\/wp\/v2\/pages\/605\/revisions"}],"predecessor-version":[{"id":609,"href":"https:\/\/kahanozelguvenlik.com\/index.php?rest_route=\/wp\/v2\/pages\/605\/revisions\/609"}],"wp:attachment":[{"href":"https:\/\/kahanozelguvenlik.com\/index.php?rest_route=%2Fwp%2Fv2%2Fmedia&parent=605"}],"curies":[{"name":"wp","href":"https:\/\/api.w.org\/{rel}","templated":true}]}}