{"id":19,"date":"2018-03-09T07:30:36","date_gmt":"2018-03-09T07:30:36","guid":{"rendered":"http:\/\/wordpress-276259-4332664.cloudwaysapps.com\/charity\/?page_id=15"},"modified":"2018-03-09T07:30:36","modified_gmt":"2018-03-09T07:30:36","slug":"donate","status":"publish","type":"page","link":"https:\/\/kahanozelguvenlik.com\/?page_id=19","title":{"rendered":"Donate"},"content":{"rendered":"<h2>Your Support To<\/h2>\n<h2>Feed &amp; Educate<\/h2>\n<p>Fusce sollicitudin eros sed leo elementum lobortis varius sed lacus\u00a0varius\u00a0elementum enim id fringilla. Sed eget hendrerit sem vivamus diam nunc.<\/p>\n<p>[give_form id=&#8221;213&#8243;]<br \/>\n\t\t\t\t\t\t\t\t\t\t<img decoding=\"async\" src=\"https:\/\/wordpress-276259-4332664.cloudwaysapps.com\/charity\/wp-content\/uploads\/sites\/6\/2018\/10\/placeholder.jpg\" title=\"nathan-anderson-157614-unsplash_resize\" alt=\"nathan-anderson-157614-unsplash_resize\" \/>\t\t\t\t\t\t\t\t\t\t\t<\/p>\n<p>\u201cOne person can make all the difference for a child across the globe&#8230;Children International is living proof that, although helping just one person can seem like a drop in the ocean, that drop can be a person\u2019s whole world. One by one&#8230;we will change the world for the better.\u201d<\/p>\n<p>Pierre Omidyar &#8211; Sponsor since 2012<\/p>\n<h2>Your donation can make a difference<\/h2>\n<h3>\n\t\t\t\t\tHelp a seriously ill child<br \/>\n\t\t\t\t<\/h3>\n<p>Your $3 donation will provide a lifeline of support to a child, like Jack, who has a life threatening illness and his family when they need it most.<\/p>\n<h3>\n\t\t\t\t\tSupport a family in need<br \/>\n\t\t\t\t<\/h3>\n<p>No parent expects to outlive their child but for some families it\u2019s a reality. $5 will help a family facing one of the toughest times imaginable.<\/p>\n<h3>\n\t\t\t\t\tBecome a sponsor<br \/>\n\t\t\t\t<\/h3>\n<p>Our Family Support Workers care for families at a time of great need. $10 will help families get the support they so desperately need.<\/p>\n","protected":false},"excerpt":{"rendered":"<p>Your Support To Feed &amp; Educate Fusce sollicitudin eros sed leo elementum lobortis varius sed lacus\u00a0varius\u00a0elementum enim id fringilla. Sed eget hendrerit sem vivamus diam&hellip;<\/p>\n","protected":false},"author":2,"featured_media":0,"parent":0,"menu_order":0,"comment_status":"closed","ping_status":"closed","template":"","meta":{"footnotes":""},"class_list":["post-19","page","type-page","status-publish","hentry"],"yoast_head":"<!-- This site is optimized with the Yoast SEO plugin v26.8 - https:\/\/yoast.com\/product\/yoast-seo-wordpress\/ -->\n<title>Donate - Bursa Kahan \u00d6zel G\u00fcvenlik<\/title>\n<meta name=\"robots\" content=\"index, follow, max-snippet:-1, max-image-preview:large, max-video-preview:-1\" \/>\n<link rel=\"canonical\" href=\"https:\/\/kahanozelguvenlik.com\/?page_id=19\" \/>\n<meta property=\"og:locale\" content=\"tr_TR\" \/>\n<meta property=\"og:type\" content=\"article\" \/>\n<meta property=\"og:title\" content=\"Donate - Bursa Kahan \u00d6zel G\u00fcvenlik\" \/>\n<meta property=\"og:description\" content=\"Your Support To Feed &amp; Educate Fusce sollicitudin eros sed leo elementum lobortis varius sed lacus\u00a0varius\u00a0elementum enim id fringilla. Sed eget hendrerit sem vivamus diam&hellip;\" \/>\n<meta property=\"og:url\" content=\"https:\/\/kahanozelguvenlik.com\/?page_id=19\" \/>\n<meta property=\"og:site_name\" content=\"Bursa Kahan \u00d6zel G\u00fcvenlik\" \/>\n<meta property=\"og:image\" content=\"https:\/\/wordpress-276259-4332664.cloudwaysapps.com\/charity\/wp-content\/uploads\/sites\/6\/2018\/10\/placeholder.jpg\" \/>\n<meta name=\"twitter:card\" content=\"summary_large_image\" \/>\n<meta name=\"twitter:label1\" content=\"Tahmini okuma s\u00fcresi\" \/>\n\t<meta name=\"twitter:data1\" content=\"1 dakika\" \/>\n<script type=\"application\/ld+json\" class=\"yoast-schema-graph\">{\"@context\":\"https:\/\/schema.org\",\"@graph\":[{\"@type\":\"WebPage\",\"@id\":\"https:\/\/kahanozelguvenlik.com\/?page_id=19\",\"url\":\"https:\/\/kahanozelguvenlik.com\/?page_id=19\",\"name\":\"Donate - Bursa Kahan \u00d6zel G\u00fcvenlik\",\"isPartOf\":{\"@id\":\"https:\/\/kahanozelguvenlik.com\/#website\"},\"primaryImageOfPage\":{\"@id\":\"https:\/\/kahanozelguvenlik.com\/?page_id=19#primaryimage\"},\"image\":{\"@id\":\"https:\/\/kahanozelguvenlik.com\/?page_id=19#primaryimage\"},\"thumbnailUrl\":\"https:\/\/wordpress-276259-4332664.cloudwaysapps.com\/charity\/wp-content\/uploads\/sites\/6\/2018\/10\/placeholder.jpg\",\"datePublished\":\"2018-03-09T07:30:36+00:00\",\"breadcrumb\":{\"@id\":\"https:\/\/kahanozelguvenlik.com\/?page_id=19#breadcrumb\"},\"inLanguage\":\"tr\",\"potentialAction\":[{\"@type\":\"ReadAction\",\"target\":[\"https:\/\/kahanozelguvenlik.com\/?page_id=19\"]}]},{\"@type\":\"ImageObject\",\"inLanguage\":\"tr\",\"@id\":\"https:\/\/kahanozelguvenlik.com\/?page_id=19#primaryimage\",\"url\":\"https:\/\/wordpress-276259-4332664.cloudwaysapps.com\/charity\/wp-content\/uploads\/sites\/6\/2018\/10\/placeholder.jpg\",\"contentUrl\":\"https:\/\/wordpress-276259-4332664.cloudwaysapps.com\/charity\/wp-content\/uploads\/sites\/6\/2018\/10\/placeholder.jpg\"},{\"@type\":\"BreadcrumbList\",\"@id\":\"https:\/\/kahanozelguvenlik.com\/?page_id=19#breadcrumb\",\"itemListElement\":[{\"@type\":\"ListItem\",\"position\":1,\"name\":\"Anasayfa\",\"item\":\"https:\/\/kahanozelguvenlik.com\/\"},{\"@type\":\"ListItem\",\"position\":2,\"name\":\"Donate\"}]},{\"@type\":\"WebSite\",\"@id\":\"https:\/\/kahanozelguvenlik.com\/#website\",\"url\":\"https:\/\/kahanozelguvenlik.com\/\",\"name\":\"Bursa Kahan \u00d6zel G\u00fcvenlik\",\"description\":\"Kahan \u00d6zel G\u00fcvenlik\",\"publisher\":{\"@id\":\"https:\/\/kahanozelguvenlik.com\/#organization\"},\"potentialAction\":[{\"@type\":\"SearchAction\",\"target\":{\"@type\":\"EntryPoint\",\"urlTemplate\":\"https:\/\/kahanozelguvenlik.com\/?s={search_term_string}\"},\"query-input\":{\"@type\":\"PropertyValueSpecification\",\"valueRequired\":true,\"valueName\":\"search_term_string\"}}],\"inLanguage\":\"tr\"},{\"@type\":\"Organization\",\"@id\":\"https:\/\/kahanozelguvenlik.com\/#organization\",\"name\":\"Bursa Kahan \u00d6zel G\u00fcvenlik\",\"url\":\"https:\/\/kahanozelguvenlik.com\/\",\"logo\":{\"@type\":\"ImageObject\",\"inLanguage\":\"tr\",\"@id\":\"https:\/\/kahanozelguvenlik.com\/#\/schema\/logo\/image\/\",\"url\":\"https:\/\/kahanozelguvenlik.com\/wp-content\/uploads\/2026\/02\/Kahan-Ozel-Guvenlik-Logo.jpg\",\"contentUrl\":\"https:\/\/kahanozelguvenlik.com\/wp-content\/uploads\/2026\/02\/Kahan-Ozel-Guvenlik-Logo.jpg\",\"width\":2074,\"height\":622,\"caption\":\"Bursa Kahan \u00d6zel G\u00fcvenlik\"},\"image\":{\"@id\":\"https:\/\/kahanozelguvenlik.com\/#\/schema\/logo\/image\/\"}}]}<\/script>\n<!-- \/ Yoast SEO plugin. -->","yoast_head_json":{"title":"Donate - Bursa Kahan \u00d6zel G\u00fcvenlik","robots":{"index":"index","follow":"follow","max-snippet":"max-snippet:-1","max-image-preview":"max-image-preview:large","max-video-preview":"max-video-preview:-1"},"canonical":"https:\/\/kahanozelguvenlik.com\/?page_id=19","og_locale":"tr_TR","og_type":"article","og_title":"Donate - Bursa Kahan \u00d6zel G\u00fcvenlik","og_description":"Your Support To Feed &amp; Educate Fusce sollicitudin eros sed leo elementum lobortis varius sed lacus\u00a0varius\u00a0elementum enim id fringilla. Sed eget hendrerit sem vivamus diam&hellip;","og_url":"https:\/\/kahanozelguvenlik.com\/?page_id=19","og_site_name":"Bursa Kahan \u00d6zel G\u00fcvenlik","og_image":[{"url":"https:\/\/wordpress-276259-4332664.cloudwaysapps.com\/charity\/wp-content\/uploads\/sites\/6\/2018\/10\/placeholder.jpg","type":"","width":"","height":""}],"twitter_card":"summary_large_image","twitter_misc":{"Tahmini okuma s\u00fcresi":"1 dakika"},"schema":{"@context":"https:\/\/schema.org","@graph":[{"@type":"WebPage","@id":"https:\/\/kahanozelguvenlik.com\/?page_id=19","url":"https:\/\/kahanozelguvenlik.com\/?page_id=19","name":"Donate - Bursa Kahan \u00d6zel G\u00fcvenlik","isPartOf":{"@id":"https:\/\/kahanozelguvenlik.com\/#website"},"primaryImageOfPage":{"@id":"https:\/\/kahanozelguvenlik.com\/?page_id=19#primaryimage"},"image":{"@id":"https:\/\/kahanozelguvenlik.com\/?page_id=19#primaryimage"},"thumbnailUrl":"https:\/\/wordpress-276259-4332664.cloudwaysapps.com\/charity\/wp-content\/uploads\/sites\/6\/2018\/10\/placeholder.jpg","datePublished":"2018-03-09T07:30:36+00:00","breadcrumb":{"@id":"https:\/\/kahanozelguvenlik.com\/?page_id=19#breadcrumb"},"inLanguage":"tr","potentialAction":[{"@type":"ReadAction","target":["https:\/\/kahanozelguvenlik.com\/?page_id=19"]}]},{"@type":"ImageObject","inLanguage":"tr","@id":"https:\/\/kahanozelguvenlik.com\/?page_id=19#primaryimage","url":"https:\/\/wordpress-276259-4332664.cloudwaysapps.com\/charity\/wp-content\/uploads\/sites\/6\/2018\/10\/placeholder.jpg","contentUrl":"https:\/\/wordpress-276259-4332664.cloudwaysapps.com\/charity\/wp-content\/uploads\/sites\/6\/2018\/10\/placeholder.jpg"},{"@type":"BreadcrumbList","@id":"https:\/\/kahanozelguvenlik.com\/?page_id=19#breadcrumb","itemListElement":[{"@type":"ListItem","position":1,"name":"Anasayfa","item":"https:\/\/kahanozelguvenlik.com\/"},{"@type":"ListItem","position":2,"name":"Donate"}]},{"@type":"WebSite","@id":"https:\/\/kahanozelguvenlik.com\/#website","url":"https:\/\/kahanozelguvenlik.com\/","name":"Bursa Kahan \u00d6zel G\u00fcvenlik","description":"Kahan \u00d6zel G\u00fcvenlik","publisher":{"@id":"https:\/\/kahanozelguvenlik.com\/#organization"},"potentialAction":[{"@type":"SearchAction","target":{"@type":"EntryPoint","urlTemplate":"https:\/\/kahanozelguvenlik.com\/?s={search_term_string}"},"query-input":{"@type":"PropertyValueSpecification","valueRequired":true,"valueName":"search_term_string"}}],"inLanguage":"tr"},{"@type":"Organization","@id":"https:\/\/kahanozelguvenlik.com\/#organization","name":"Bursa Kahan \u00d6zel G\u00fcvenlik","url":"https:\/\/kahanozelguvenlik.com\/","logo":{"@type":"ImageObject","inLanguage":"tr","@id":"https:\/\/kahanozelguvenlik.com\/#\/schema\/logo\/image\/","url":"https:\/\/kahanozelguvenlik.com\/wp-content\/uploads\/2026\/02\/Kahan-Ozel-Guvenlik-Logo.jpg","contentUrl":"https:\/\/kahanozelguvenlik.com\/wp-content\/uploads\/2026\/02\/Kahan-Ozel-Guvenlik-Logo.jpg","width":2074,"height":622,"caption":"Bursa Kahan \u00d6zel G\u00fcvenlik"},"image":{"@id":"https:\/\/kahanozelguvenlik.com\/#\/schema\/logo\/image\/"}}]}},"rttpg_featured_image_url":null,"rttpg_author":{"display_name":"wpengine","author_link":"https:\/\/kahanozelguvenlik.com\/?author=2"},"rttpg_comment":0,"rttpg_category":null,"rttpg_excerpt":"Your Support To Feed &amp; Educate Fusce sollicitudin eros sed leo elementum lobortis varius sed lacus\u00a0varius\u00a0elementum enim id fringilla. Sed eget hendrerit sem vivamus diam&hellip;","_links":{"self":[{"href":"https:\/\/kahanozelguvenlik.com\/index.php?rest_route=\/wp\/v2\/pages\/19","targetHints":{"allow":["GET"]}}],"collection":[{"href":"https:\/\/kahanozelguvenlik.com\/index.php?rest_route=\/wp\/v2\/pages"}],"about":[{"href":"https:\/\/kahanozelguvenlik.com\/index.php?rest_route=\/wp\/v2\/types\/page"}],"author":[{"embeddable":true,"href":"https:\/\/kahanozelguvenlik.com\/index.php?rest_route=\/wp\/v2\/users\/2"}],"replies":[{"embeddable":true,"href":"https:\/\/kahanozelguvenlik.com\/index.php?rest_route=%2Fwp%2Fv2%2Fcomments&post=19"}],"version-history":[{"count":0,"href":"https:\/\/kahanozelguvenlik.com\/index.php?rest_route=\/wp\/v2\/pages\/19\/revisions"}],"wp:attachment":[{"href":"https:\/\/kahanozelguvenlik.com\/index.php?rest_route=%2Fwp%2Fv2%2Fmedia&parent=19"}],"curies":[{"name":"wp","href":"https:\/\/api.w.org\/{rel}","templated":true}]}}